{"id":69,"date":"2017-12-06T14:06:47","date_gmt":"2017-12-06T14:06:47","guid":{"rendered":"https:\/\/artisanscommercants.fr\/?page_id=69"},"modified":"2026-04-13T14:06:45","modified_gmt":"2026-04-13T13:06:45","slug":"qui-sommes-nous","status":"publish","type":"page","link":"http:\/\/artisanscommercants.fr\/index.php\/qui-sommes-nous\/","title":{"rendered":"Qui sommes-nous ?"},"content":{"rendered":"<p><span id=\"alttext-container\"><img id=\"alttext-image\" width=\"16\" height=\"16\" align=\"left\" \/><span style=\"color: initial; font-size: revert;\">Nous sommes un centre d&#8217;appel d&#8217;assistance, de conseil et de formation dans les domaines informatique et technologique, sp\u00e9cifiquement destin\u00e9 aux artisans, commer\u00e7ants et TPE.<\/span><\/span><\/p>\n<h3><em><strong><br \/>\n<\/strong><\/em><strong>Disponibilit\u00e9<\/strong><\/h3>\n<p>L&#8217;ensemble de nos moyens informatique, techniques et humains, sont \u00e0 votre disposition pour r\u00e9pondre \u00e0 toutes vos demandes.\u00a0<strong>Vous pouvez nous joindre 24H\/24 , 7J\/7<\/strong>\u00a0par\u00a0<strong>E-Mail ou t\u00e9l\u00e9phone<\/strong>. Nous intervenons au maximum \u00e0 J+1, du lundi au samedi, de 09H00 \u00e0 21H00, hors jours f\u00e9ri\u00e9s.<\/p>\n<h3><strong>Quelques exemples de ce que nous pouvons faire pour vous:\u00a0<\/strong><\/h3>\n<p>&#8211;\u00a0<strong>Assistance<\/strong>: r\u00e9solution de vos probl\u00e8mes informatique&#8230;<br \/>\n&#8211;\u00a0<strong>Maintenance<\/strong>: installer ou configurer un logiciel, configurer un r\u00e9seau local&#8230;<br \/>\n&#8211;\u00a0<strong>Installer\u00a0<\/strong>sur votre poste des logiciels libre et vous\u00a0<strong>former\u00a0<\/strong>(open office, ftp etc..)<br \/>\n&#8211; Gestion de votre soci\u00e9t\u00e9:\u00a0<strong>gestion clients<\/strong>, devis, factures, prise de rendez-vous&#8230;<br \/>\n&#8211;\u00a0<strong>Conseil\u00a0<\/strong>technologique: besoin de conseil pour un achat informatique, pour un nouveau t\u00e9l\u00e9phone, nous sommes l\u00e0 pour vous aider&#8230;<br \/>\n&#8211; Cr\u00e9ation de votre\u00a0<strong>pr\u00e9sence sur\u00a0 internet\u00a0<\/strong><br \/>\n&#8211;\u00a0<strong>Diminution des co\u00fbts<\/strong>: nous nous chargeons pour vous de trouver l&#8217;offre la plus adapt\u00e9e, la moins couteuse et effectuons pour vous les d\u00e9marches pour changer d&#8217;abonnement t\u00e9l\u00e9phonique, internet, d&#8217;assurance&#8230;<br \/>\n&#8211;\u00a0<strong>Marketing\u00a0<\/strong>\/\u00a0<strong>conseil aux entreprises<\/strong>\u00a0: vous trouverez diff\u00e9rents articles,\u00a0gratuitement, pour\u00a0 vous aider a accro\u00eetre votre performance<\/p>\n<p>Parce que vous n&#8217;avez pas pas besoin de tous ces services tout le temps, notre gamme unique de forfaits a \u00e9t\u00e9 pens\u00e9e pour vous et s&#8217;adapte \u00e0 vos contraintes et aux sp\u00e9cificit\u00e9s de votre m\u00e9tier (horaires, prix, disponibilit\u00e9)<\/p>\n<p><span class=\"highlight\"><strong>En vous facilitant la vie, vous pouvez vous recentrer sur votre m\u00e9tiers de base<\/strong><\/span>\u00a0et vous concentrer sur ce qui vous permettra d&#8217;<strong>\u00eatre encore plus performan<\/strong>t: optimiser la gestion de votre entreprise et trouver, fid\u00e9liser vos\u00a0 clients.<\/p>\n<p>La valeur ajout\u00e9e pour vous se situe alors en terme de gain <strong>de temps et d&#8217;efficacit\u00e9.<\/strong><\/p>\n<p><strong>Nos services <\/strong>sont l\u00e0 pour vous permettre de vous consacrer au d\u00e9veloppement de votre entreprise, plut\u00f4t qu&#8217;\u00e0 son fonctionnement.<strong><br \/>\n<\/strong><\/p>\n<p>L&#8217;outil <strong>informatique<\/strong> vous permet cela.<\/p>\n<p>Comment am\u00e9liorer votre efficacit\u00e9 et votre productivit\u00e9 ? Des outils \u00e0 votre service.<\/p>\n<p>L&#8217;informatisation vous permet de travailler mieux (process). D\u00e9penser moins (par une meilleur visibilit\u00e9 qui vous permet d&#8217;anticiper). D&#8217;\u00e9pargner et gagner plus. Vous devenez alors beaucoup plus comp\u00e9titifs. Nous pouvons \u00e9galement vous aider par nos conseils en organisation<\/p>\n<h3><strong>Quelques une des questions que vous vous posez et auxquelles nous r\u00e9pondons:<br \/>\n<\/strong><\/h3>\n<ul>\n<li>Qui peut me conseiller sur le choix du mat\u00e9riel, des logiciels et de la configuration technique adapt\u00e9s \u00e0 mon m\u00e9tier et \u00e0 mes besoins, dans le respect du budget d\u00e9fini ?<\/li>\n<li>Comment augmenter ma productivit\u00e9 et mon CA gr\u00e2ce \u00e0 mon outil informatique ?<\/li>\n<li>Comment faire pour utiliser mon PC portable chez mes clients en ayant acc\u00e8s \u00e0 mes fichiers \u00e0 distance ?<\/li>\n<li>Quel syst\u00e8me de sauvegarde mettre en place pour ne pas avoir une interruption de mon activit\u00e9 si je perds accidentellement (incendie, d\u00e9g\u00e2t des eaux, vol) toutes mes donn\u00e9es informatiques ?<\/li>\n<\/ul>\n<p><a href=\"https:\/\/artisanscommercants.fr\/index.php\/mentions-legales\/\">Mentions l\u00e9gales<\/a><\/p>\n","protected":false},"excerpt":{"rendered":"<p>Nous sommes un centre d&#8217;appel d&#8217;assistance, de conseil et de formation dans les domaines informatique et technologique, sp\u00e9cifiquement destin\u00e9 aux artisans, commer\u00e7ants et TPE. Disponibilit\u00e9 L&#8217;ensemble de nos moyens informatique,&hellip; <\/p>\n","protected":false},"author":1,"featured_media":0,"parent":0,"menu_order":0,"comment_status":"closed","ping_status":"closed","template":"","meta":{"footnotes":""},"class_list":["post-69","page","type-page","status-publish","hentry"],"_links":{"self":[{"href":"http:\/\/artisanscommercants.fr\/index.php\/wp-json\/wp\/v2\/pages\/69","targetHints":{"allow":["GET"]}}],"collection":[{"href":"http:\/\/artisanscommercants.fr\/index.php\/wp-json\/wp\/v2\/pages"}],"about":[{"href":"http:\/\/artisanscommercants.fr\/index.php\/wp-json\/wp\/v2\/types\/page"}],"author":[{"embeddable":true,"href":"http:\/\/artisanscommercants.fr\/index.php\/wp-json\/wp\/v2\/users\/1"}],"replies":[{"embeddable":true,"href":"http:\/\/artisanscommercants.fr\/index.php\/wp-json\/wp\/v2\/comments?post=69"}],"version-history":[{"count":5,"href":"http:\/\/artisanscommercants.fr\/index.php\/wp-json\/wp\/v2\/pages\/69\/revisions"}],"predecessor-version":[{"id":634,"href":"http:\/\/artisanscommercants.fr\/index.php\/wp-json\/wp\/v2\/pages\/69\/revisions\/634"}],"wp:attachment":[{"href":"http:\/\/artisanscommercants.fr\/index.php\/wp-json\/wp\/v2\/media?parent=69"}],"curies":[{"name":"wp","href":"https:\/\/api.w.org\/{rel}","templated":true}]}}